{"id":28528,"date":"2022-12-14T10:23:44","date_gmt":"2022-12-14T10:23:44","guid":{"rendered":"https:\/\/jandameida.com\/lege-abisua\/"},"modified":"2022-12-30T12:13:09","modified_gmt":"2022-12-30T12:13:09","slug":"lege-abisua","status":"publish","type":"page","link":"https:\/\/jandameida.com\/eu\/lege-abisua\/","title":{"rendered":"Lege abisua"},"content":{"rendered":"<p><strong>LEGEZKO OHARAREN HELBURUA<\/strong><\/p>\n<p>Lege Oharrak Erabiltzaileen eskura jarritako webgunearen baldintzak, sarbidea eta erabilera, bere edukiak eta zerbitzuak, ordainpekoak edo doakoak, arautzen ditu. Jandameidak bere webgunean egokitzat jotzen dituen aldaketak aldez aurretik jakinarazi gabe egiteko eskubidea gordetzen du, haren bidez eskaintzen diren edukiak eta zerbitzuak zein zure webgunean aurkezteko edo kokatzeko modua aldatu, ezabatu edo gehitu ahal izateko. Webgune honetara sartzen den pertsona orok bere gain hartzen du erabiltzaile-eginkizuna, hemen ezarritako xedapenak eta aplikagarriak izan daitezkeen gainerako lege-xedapenak bete eta zorrotz betetzeko konpromisoa hartuz. Webgune honetara sartze hutsak ez dakar Jandameidaren eta erabiltzailearen arteko inolako harreman komertzialarik.<\/p>\n<p><strong>WEBAREN ARDURADUNA<\/strong><\/p>\n<p>Informazioaren Gizartearen eta Merkataritza Elektronikoaren Zerbitzuei buruzko uztailaren 11ko 34\/2002 Legea betez, web orriaren informazio datu orokorrak adierazten dira:<\/p>\n<p>Denominaci\u00f3n social: B\u00e1rbara Barabino Toscano, en adelante Jandameida.<\/p>\n<p>NIF\/CIF: 11840017P<\/p>\n<p>Domicilio social: Barrio Alcalde Juan de Sanfuentes 10 48500 Abanto y Ciervana<\/p>\n<p>Datos de contacto: correo electr\u00f3nico: <a href=\"mailto:info@jandameida.com\">info@jandameida.com<\/a> y tel\u00e9fono: 606796555<\/p>\n<p><strong>ACEPTACI\u00d3N DE LAS CONDICIONES GENERALES<\/strong><\/p>\n<p>Jarraian azaltzen diren Baldintza Orokorrek, Jandameida webgunearen erabilera arautzen dute, horren erabiltzaile-baldintza egozten dute eta erabiltzaileak argitaratzen diren Baldintza Orokor guztiak erabat onartzea eta inolako erreserbarik gabe dakar. erabiltzaileak sartzeko ordua. Hori dela eta, erabiltzaileari gomendatzen zaio baldintza orokorren edukia arretaz irakurtzea Jandameida webgunea erabiltzen duen bakoitzean.<\/p>\n<p><strong>ERANTZUKIZUNA<\/strong><\/p>\n<p>Hornitzaileak ez du bermatzen webgunearen jarraipena, erabilgarritasuna eta erabilgarritasuna, ezta edukien edo zerbitzuen ere. Hornitzaileak ahal duen guztia egingo du webgunearen funtzionamendu egokia lortzeko, hala ere, ez du erantzukizunik edo bermatzen webgune honetara sarbidea ez dela etenik edo akatsik izango. Era berean, webgune honen bidez sar daitezkeen edukiak edo softwareak akatsik gabekoak edo erabiltzailearen sistema informatikoan (softwarea eta hardwarea) kalteak eragiten dituenaren erantzule edo bermatzen du. Jandameida ez da inola ere izango webgunearen sarbidetik, nabigaziotik eta erabileratik eratorritako galeren, kalteen edo edozein motatako kalteen erantzule, besteak beste, sistema informatikoei eragindakoak edo birusak sartzeak eragindakoak barne, baina ez mugatu gabe. Jandameida ez da webgune honen erabilera desegokiaren ondorioz erabiltzaileei eragin ditzaketen kalteen erantzule. Bereziki, ez da inola ere erantzule izango gerta daitezkeen telekomunikazioen erorketa, eten, falta edo akatsen gainean. Webgunea Espainian bizi diren erabiltzaileei zuzenduta dago batez ere. Hornitzaileak ez du ziurtatzen webguneak beste herrialde batzuetako legeak betetzen dituenik, ez guztiz edo partzialki. Erabiltzailea beste leku batean bizi edo bizi den eta webgunean sartzea eta\/edo nabigatzea erabakitzen badu, bere ardurapean egingo du, sarbide eta nabigazio hori aplikagarri zaion tokiko legediarekin bat datorrela ziurtatu beharko du, Jandameida inondik inora ez dela bere gain hartuko. sarbide horretatik sor daitekeen erantzukizuna.<\/p>\n<p><strong>DATU BABESA<\/strong><\/p>\n<p>De conformidad con lo que establece el Reglamento (UE) 2016\/679 del Parlamento Europeo y del Consejo de 27 de abril de 2016 relativo a la protecci\u00f3n de los datos personales, Jandameida se compromete a adoptar las medidas t\u00e9cnicas y organizativas necesarias, seg\u00fan el nivel de seguridad de los datos recabados, de forma que garanticen la seguridad de los datos de car\u00e1cter personal y eviten su alteraci\u00f3n, p\u00e9rdida, tratamiento o acceso no autorizado. Para ampliar informaci\u00f3n, consulte la pol\u00edtica de privacidad de esta web.<\/p>\n<p><strong>JABETZA INTELEKTUALA<\/strong><\/p>\n<p>El sitio web, incluyendo a t\u00edtulo enunciativo, pero no limitativo su programaci\u00f3n, edici\u00f3n, compilaci\u00f3n y dem\u00e1s elementos necesarios para su funcionamiento, los dise\u00f1os, logotipos, texto, im\u00e1genes y\/o gr\u00e1ficos son propiedad del prestador o en su caso dispone de licencia o autorizaci\u00f3n expresa por parte de los autores. Todos los contenidos del Jandameida se encuentran debidamente protegidos por la normativa de propiedad intelectual e industrial, as\u00ed como inscritos en los registros p\u00fablicos correspondientes. Independientemente de la finalidad para la que fueran destinados, la reproducci\u00f3n total o parcial, uso, explotaci\u00f3n, distribuci\u00f3n y comercializaci\u00f3n, requiere en todo caso de la autorizaci\u00f3n escrita previa por parte de Jandameida. Cualquier uso no autorizado previamente por parte Jandameida ser\u00e1 considerado un incumplimiento grave de los derechos de propiedad intelectual o industrial del autor. Los dise\u00f1os, logotipos, texto y\/o gr\u00e1ficos ajenos a Jandameida y que pudieran aparecer en el sitio web, pertenecen a sus respectivos propietarios, siendo ellos mismos responsables de cualquier posible controversia que pudiera suscitarse respecto a los mismos. En todo caso, Jandameida cuenta con la autorizaci\u00f3n expresa y previa por parte de los mismos. Jandameida autoriza\/no autoriza expresamente a que terceros puedan redirigir directamente a los contenidos concretos del sitio web, debiendo en todo caso redirigir al sitio web principal de Jandameida. Jandameida reconoce a favor de sus titulares los correspondientes derechos de propiedad industrial o intelectual, no implicando su sola menci\u00f3n o aparici\u00f3n en el sitio web la existencia de derechos o responsabilidad alguna del prestador sobre los mismos, como tampoco respaldo, patrocinio o recomendaci\u00f3n por parte del mismo. Para realizar cualquier tipo de observaci\u00f3n respecto a posibles incumplimientos de los derechos de propiedad intelectual o industrial, as\u00ed como sobre cualquiera de los contenidos del sitio web, puede hacerlo a trav\u00e9s del siguiente correo electr\u00f3nico: <a href=\"mailto:info@jandameida.com\">info@jandameida.com<\/a><\/p>\n<p>Esta web puede enlazar a contenidos de otros blogs que considere de inter\u00e9s para el tema tratado. Siempre se enlaza con sitios de confianza y que sean respetuosos con tus derechos como usuario. No obstante, no se puede responder de los resultados que puedas obtener con motivo del acceso a tales sitios enlazados. Tambi\u00e9n puede incluirse enlaces de afiliados de productos recomendados, que no supondr\u00e1n un incremento de su coste.<\/p>\n<p><strong>DURACI\u00d3N Y MODIFICACI\u00d3N<\/strong><\/p>\n<p>Este aviso legal podr\u00e1 ser modificado en cualquier momento, atendiendo a la evoluci\u00f3n de esta web y los contenidos en ella ofrecidos.<\/p>\n<p><strong>LEGISLACI\u00d3N APLICABLE Y JURISDICCI\u00d3N<\/strong><\/p>\n<p>Webgune honekin edo bertan egiten diren jarduerei dagozkien gatazkak edo arazo guztiak konpontzeko, Espainiako legedia aplikatuko da, eta alderdiek berariaz men egiten dute, eta haren erabilerarekin lotutako auzi guztiak ebazteko eskumena izanik Valdemoroko Epaitegi eta Auzitegiak. (Madril).<\/p>\n<p>&nbsp;<\/p>\n","protected":false},"excerpt":{"rendered":"<p>LEGEZKO OHARAREN HELBURUA Lege Oharrak Erabiltzaileen eskura jarritako webgunearen baldintzak, sarbidea eta erabilera, bere edukiak eta zerbitzuak, ordainpekoak edo doakoak, arautzen ditu. Jandameidak bere webgunean egokitzat jotzen dituen aldaketak aldez aurretik jakinarazi gabe egiteko eskubidea gordetzen du, haren bidez eskaintzen diren edukiak eta zerbitzuak zein zure webgunean aurkezteko edo kokatzeko modua aldatu, ezabatu edo gehitu [&hellip;]<\/p>\n","protected":false},"author":3,"featured_media":0,"parent":0,"menu_order":0,"comment_status":"closed","ping_status":"closed","template":"","meta":{"footnotes":""},"class_list":["post-28528","page","type-page","status-publish","hentry"],"_links":{"self":[{"href":"https:\/\/jandameida.com\/eu\/wp-json\/wp\/v2\/pages\/28528","targetHints":{"allow":["GET"]}}],"collection":[{"href":"https:\/\/jandameida.com\/eu\/wp-json\/wp\/v2\/pages"}],"about":[{"href":"https:\/\/jandameida.com\/eu\/wp-json\/wp\/v2\/types\/page"}],"author":[{"embeddable":true,"href":"https:\/\/jandameida.com\/eu\/wp-json\/wp\/v2\/users\/3"}],"replies":[{"embeddable":true,"href":"https:\/\/jandameida.com\/eu\/wp-json\/wp\/v2\/comments?post=28528"}],"version-history":[{"count":2,"href":"https:\/\/jandameida.com\/eu\/wp-json\/wp\/v2\/pages\/28528\/revisions"}],"predecessor-version":[{"id":28532,"href":"https:\/\/jandameida.com\/eu\/wp-json\/wp\/v2\/pages\/28528\/revisions\/28532"}],"wp:attachment":[{"href":"https:\/\/jandameida.com\/eu\/wp-json\/wp\/v2\/media?parent=28528"}],"curies":[{"name":"wp","href":"https:\/\/api.w.org\/{rel}","templated":true}]}}